{"id":64,"date":"2021-02-09T08:51:20","date_gmt":"2021-02-09T07:51:20","guid":{"rendered":"http:\/\/www.auerhahn.at\/wphome\/?page_id=64"},"modified":"2021-02-10T09:48:32","modified_gmt":"2021-02-10T08:48:32","slug":"agb","status":"publish","type":"page","link":"https:\/\/www.auerhahn.at\/wphome\/agb\/","title":{"rendered":"AGB"},"content":{"rendered":"\n<p>Hier k\u00f6nnen Sie unsere AGB downloaden als PDF &#8211; <a href=\"https:\/\/www.auerhahn.at\/wphome\/wp-content\/uploads\/2021\/02\/AGBH_061115.pdf\" target=\"_blank\" rel=\"noreferrer noopener\">hier Downloaden<\/a><br>(um diese lesen zu k\u00f6nnen ben\u00f6tigen Sie den <a href=\"https:\/\/acrobat.adobe.com\/at\/de\/acrobat\/pdf-reader.html?promoid=81G55Y1C&amp;mv=other\" target=\"_blank\" rel=\"noreferrer noopener\">Acrobat Reader<\/a>)<\/p>\n","protected":false},"excerpt":{"rendered":"<p>Hier k\u00f6nnen Sie unsere AGB downloaden als PDF &#8211; hier Downloaden(um diese lesen zu k\u00f6nnen ben\u00f6tigen Sie den Acrobat Reader)<\/p>\n","protected":false},"author":1,"featured_media":0,"parent":0,"menu_order":0,"comment_status":"closed","ping_status":"closed","template":"","meta":{"footnotes":""},"class_list":["post-64","page","type-page","status-publish"],"_links":{"self":[{"href":"https:\/\/www.auerhahn.at\/wphome\/wp-json\/wp\/v2\/pages\/64","targetHints":{"allow":["GET"]}}],"collection":[{"href":"https:\/\/www.auerhahn.at\/wphome\/wp-json\/wp\/v2\/pages"}],"about":[{"href":"https:\/\/www.auerhahn.at\/wphome\/wp-json\/wp\/v2\/types\/page"}],"author":[{"embeddable":true,"href":"https:\/\/www.auerhahn.at\/wphome\/wp-json\/wp\/v2\/users\/1"}],"replies":[{"embeddable":true,"href":"https:\/\/www.auerhahn.at\/wphome\/wp-json\/wp\/v2\/comments?post=64"}],"version-history":[{"count":4,"href":"https:\/\/www.auerhahn.at\/wphome\/wp-json\/wp\/v2\/pages\/64\/revisions"}],"predecessor-version":[{"id":167,"href":"https:\/\/www.auerhahn.at\/wphome\/wp-json\/wp\/v2\/pages\/64\/revisions\/167"}],"wp:attachment":[{"href":"https:\/\/www.auerhahn.at\/wphome\/wp-json\/wp\/v2\/media?parent=64"}],"curies":[{"name":"wp","href":"https:\/\/api.w.org\/{rel}","templated":true}]}}