{"id":56,"date":"2021-02-09T08:48:50","date_gmt":"2021-02-09T07:48:50","guid":{"rendered":"http:\/\/www.auerhahn.at\/wphome\/?page_id=56"},"modified":"2021-02-11T11:19:38","modified_gmt":"2021-02-11T10:19:38","slug":"anreise","status":"publish","type":"page","link":"https:\/\/www.auerhahn.at\/wphome\/anreise\/","title":{"rendered":"Anfahrt"},"content":{"rendered":"\n<figure class=\"wp-block-image size-large\"><a href=\"https:\/\/www.google.at\/maps\/dir\/\/Hotel+Auerhahn,+Stadtpl.+26,+4840+V%C3%B6cklabruck\/@48.0082846,13.6513807,17z\/data=!4m9!4m8!1m0!1m5!1m1!1s0x47740696c08e785b:0xb2bc2aa5400ac591!2m2!1d13.6535694!2d48.008281!3e0?hl=de&amp;authuser=0\"><img loading=\"lazy\" decoding=\"async\" width=\"1024\" height=\"473\" src=\"https:\/\/www.auerhahn.at\/wphome\/wp-content\/uploads\/2021\/02\/Karte_neu-1024x473.jpg\" alt=\"\" class=\"wp-image-117\" srcset=\"https:\/\/www.auerhahn.at\/wphome\/wp-content\/uploads\/2021\/02\/Karte_neu-1024x473.jpg 1024w, https:\/\/www.auerhahn.at\/wphome\/wp-content\/uploads\/2021\/02\/Karte_neu-300x139.jpg 300w, https:\/\/www.auerhahn.at\/wphome\/wp-content\/uploads\/2021\/02\/Karte_neu-768x355.jpg 768w, https:\/\/www.auerhahn.at\/wphome\/wp-content\/uploads\/2021\/02\/Karte_neu-1536x710.jpg 1536w, https:\/\/www.auerhahn.at\/wphome\/wp-content\/uploads\/2021\/02\/Karte_neu-570x263.jpg 570w, https:\/\/www.auerhahn.at\/wphome\/wp-content\/uploads\/2021\/02\/Karte_neu.jpg 1815w\" sizes=\"auto, (max-width: 1024px) 100vw, 1024px\" \/><\/a><figcaption>Klicken Sie bitte auf das Bild \u2013 der Routenplaner wird ge\u00f6ffnet<\/figcaption><\/figure>\n\n\n\n<p>Stadthotel Auerhahn, Stadtplatz 26, 4840 V\u00f6cklabruck<br>Parkplatz hinter dem Haus: Zufahrt \u00fcber M\u00fchlbachgasse 2<\/p>\n\n\n\n<p><br>Liebling, Stadtplatz 25, 4840 V\u00f6cklabruck<br>Parkplatz: Zufahrt \u00fcber Hinterstadt<\/p>\n\n\n\n<p>G\u00e4stehaus, Anton-Hesch-Gasse 11, 4840 V\u00f6cklabruck<br>Parkplatz vor dem Haus<\/p>\n\n\n\n<p>Villa, Anton-Hesch-Gasse 15, 4840 V\u00f6cklabruck<br>Parkplatz vor dem Haus<\/p>\n\n\n\n<p class=\"has-text-color\" style=\"color:#af9060\"><strong>Wegbeschreibung<\/strong><\/p>\n\n\n\n<p>Mit dem PKW:<\/p>\n\n\n\n<p>A1 Abfahrt Regau (von Wien \/ Linz) \u2013 Richtung V\u00f6cklabruck (9 km) \u2013 nach zweiter Ampel gerade aus \u00fcber die Kreuzung \u2013 bei Kreisverkehr dritte Ausfahrt nehmen \u2013 gerade aus durch den Stadtturm \u2013 Stadthotel Auerhahn befindet sich in der oberen Stadtplatzh\u00e4lfte rechts (Zufahrt wegen Marktbetrieb Samstag und Mittwoch nicht gestattet)<\/p>\n\n\n\n<p>A1 Abfahrt Seewalchen (von M\u00fcnchen \/ Salzburg) \u2013 Richtung V\u00f6cklabruck (10 km) \u2013 nach dritter Ampel links abbiegen \u2013&nbsp; dem Stra\u00dfenverlauf folgen \u2013 bei dritter Kreuzung links einbiegen durch den Stadtturm \u2013 Stadthotel Auerhahn befindet sich in der oberen Stadtplatzh\u00e4lfte rechts (Zufahrt wegen Marktbetrieb Samstag und Mittwoch nicht gestattet)<\/p>\n\n\n\n<p>Mit dem Zug:<\/p>\n\n\n\n<p>Bahnhof V\u00f6cklabruck (1 km) \u2013 Westbahnstrecke \u2013 halbst\u00fcndliche Direkt-Zuganbindung Richtung Salzburg \/ M\u00fcnchen und Linz \/ Wien. (\u00d6BB und Westbahn)&nbsp;<\/p>\n\n\n\n<p>(Direkt-Verbindung: Flughafen Wien &#8211; V\u00f6cklabruck)<\/p>\n\n\n\n<p class=\"has-text-color\" style=\"color:#a36f00\"><strong>Erreichbarkeit und Entfernungen<\/strong><\/p>\n\n\n\n<p>M\u00fcnchen (207 km) <br>Salzburg (68 km)<br>Linz (76 km) <br>Wien (238 km)<\/p>\n","protected":false},"excerpt":{"rendered":"<p>Stadthotel Auerhahn, Stadtplatz 26, 4840 V\u00f6cklabruckParkplatz hinter dem Haus: Zufahrt \u00fcber M\u00fchlbachgasse 2 Liebling, Stadtplatz 25, 4840 V\u00f6cklabruckParkplatz: Zufahrt \u00fcber Hinterstadt G\u00e4stehaus, Anton-Hesch-Gasse 11, 4840 V\u00f6cklabruckParkplatz vor dem Haus Villa, Anton-Hesch-Gasse 15, 4840 V\u00f6cklabruckParkplatz vor dem Haus Wegbeschreibung Mit dem PKW: A1 Abfahrt Regau (von Wien \/ Linz) \u2013 Richtung V\u00f6cklabruck (9 km) \u2013 nach [&hellip;]<\/p>\n","protected":false},"author":1,"featured_media":0,"parent":0,"menu_order":0,"comment_status":"closed","ping_status":"closed","template":"","meta":{"footnotes":""},"class_list":["post-56","page","type-page","status-publish"],"_links":{"self":[{"href":"https:\/\/www.auerhahn.at\/wphome\/wp-json\/wp\/v2\/pages\/56","targetHints":{"allow":["GET"]}}],"collection":[{"href":"https:\/\/www.auerhahn.at\/wphome\/wp-json\/wp\/v2\/pages"}],"about":[{"href":"https:\/\/www.auerhahn.at\/wphome\/wp-json\/wp\/v2\/types\/page"}],"author":[{"embeddable":true,"href":"https:\/\/www.auerhahn.at\/wphome\/wp-json\/wp\/v2\/users\/1"}],"replies":[{"embeddable":true,"href":"https:\/\/www.auerhahn.at\/wphome\/wp-json\/wp\/v2\/comments?post=56"}],"version-history":[{"count":5,"href":"https:\/\/www.auerhahn.at\/wphome\/wp-json\/wp\/v2\/pages\/56\/revisions"}],"predecessor-version":[{"id":181,"href":"https:\/\/www.auerhahn.at\/wphome\/wp-json\/wp\/v2\/pages\/56\/revisions\/181"}],"wp:attachment":[{"href":"https:\/\/www.auerhahn.at\/wphome\/wp-json\/wp\/v2\/media?parent=56"}],"curies":[{"name":"wp","href":"https:\/\/api.w.org\/{rel}","templated":true}]}}