{"id":54,"date":"2021-02-09T08:48:23","date_gmt":"2021-02-09T07:48:23","guid":{"rendered":"http:\/\/www.auerhahn.at\/wphome\/?page_id=54"},"modified":"2026-04-03T15:58:28","modified_gmt":"2026-04-03T14:58:28","slug":"speisekarte","status":"publish","type":"page","link":"https:\/\/www.auerhahn.at\/wphome\/speisekarte\/","title":{"rendered":"Speisekarte"},"content":{"rendered":"\n<p><\/p>\n\n\n\n<p class=\"has-text-align-center\">Unser Restaurant ist t\u00e4glich von 11:00 \u2013 14:00 sowie von 17:00 \u2013 22:00 ge\u00f6ffnet und verw\u00f6hnt Sie mit gutb\u00fcrgerlicher \u00f6sterreichischer K\u00fcche. Unsere aktuelle Speisekarte finden Sie auf unserer Facebook &amp; Instagram Seite<\/p>\n\n\n\n<figure class=\"wp-block-image size-large\"><img loading=\"lazy\" decoding=\"async\" width=\"724\" height=\"1024\" src=\"https:\/\/www.auerhahn.at\/wphome\/wp-content\/uploads\/2026\/04\/2-724x1024.jpg\" alt=\"\" class=\"wp-image-281\" srcset=\"https:\/\/www.auerhahn.at\/wphome\/wp-content\/uploads\/2026\/04\/2-724x1024.jpg 724w, https:\/\/www.auerhahn.at\/wphome\/wp-content\/uploads\/2026\/04\/2-212x300.jpg 212w, https:\/\/www.auerhahn.at\/wphome\/wp-content\/uploads\/2026\/04\/2-768x1086.jpg 768w, https:\/\/www.auerhahn.at\/wphome\/wp-content\/uploads\/2026\/04\/2-1086x1536.jpg 1086w, https:\/\/www.auerhahn.at\/wphome\/wp-content\/uploads\/2026\/04\/2-1448x2048.jpg 1448w, https:\/\/www.auerhahn.at\/wphome\/wp-content\/uploads\/2026\/04\/2-570x806.jpg 570w, https:\/\/www.auerhahn.at\/wphome\/wp-content\/uploads\/2026\/04\/2-scaled.jpg 1810w\" sizes=\"auto, (max-width: 724px) 100vw, 724px\" \/><\/figure>\n\n\n\n<figure class=\"wp-block-image size-large\"><img loading=\"lazy\" decoding=\"async\" width=\"724\" height=\"1024\" src=\"https:\/\/www.auerhahn.at\/wphome\/wp-content\/uploads\/2026\/04\/3-724x1024.jpg\" alt=\"\" class=\"wp-image-282\" srcset=\"https:\/\/www.auerhahn.at\/wphome\/wp-content\/uploads\/2026\/04\/3-724x1024.jpg 724w, https:\/\/www.auerhahn.at\/wphome\/wp-content\/uploads\/2026\/04\/3-212x300.jpg 212w, https:\/\/www.auerhahn.at\/wphome\/wp-content\/uploads\/2026\/04\/3-768x1086.jpg 768w, https:\/\/www.auerhahn.at\/wphome\/wp-content\/uploads\/2026\/04\/3-1086x1536.jpg 1086w, https:\/\/www.auerhahn.at\/wphome\/wp-content\/uploads\/2026\/04\/3-1448x2048.jpg 1448w, https:\/\/www.auerhahn.at\/wphome\/wp-content\/uploads\/2026\/04\/3-570x806.jpg 570w, https:\/\/www.auerhahn.at\/wphome\/wp-content\/uploads\/2026\/04\/3-scaled.jpg 1810w\" sizes=\"auto, (max-width: 724px) 100vw, 724px\" \/><\/figure>\n\n\n\n<figure class=\"wp-block-image size-large\"><img loading=\"lazy\" decoding=\"async\" width=\"724\" height=\"1024\" src=\"https:\/\/www.auerhahn.at\/wphome\/wp-content\/uploads\/2026\/04\/4-724x1024.jpg\" alt=\"\" class=\"wp-image-284\" srcset=\"https:\/\/www.auerhahn.at\/wphome\/wp-content\/uploads\/2026\/04\/4-724x1024.jpg 724w, https:\/\/www.auerhahn.at\/wphome\/wp-content\/uploads\/2026\/04\/4-212x300.jpg 212w, https:\/\/www.auerhahn.at\/wphome\/wp-content\/uploads\/2026\/04\/4-768x1086.jpg 768w, https:\/\/www.auerhahn.at\/wphome\/wp-content\/uploads\/2026\/04\/4-1086x1536.jpg 1086w, https:\/\/www.auerhahn.at\/wphome\/wp-content\/uploads\/2026\/04\/4-1448x2048.jpg 1448w, https:\/\/www.auerhahn.at\/wphome\/wp-content\/uploads\/2026\/04\/4-570x806.jpg 570w, https:\/\/www.auerhahn.at\/wphome\/wp-content\/uploads\/2026\/04\/4-scaled.jpg 1810w\" sizes=\"auto, (max-width: 724px) 100vw, 724px\" \/><\/figure>\n\n\n\n<figure class=\"wp-block-gallery has-nested-images columns-default is-cropped wp-block-gallery-1 is-layout-flex wp-block-gallery-is-layout-flex\">\n<figure class=\"wp-block-image size-large\"><img loading=\"lazy\" decoding=\"async\" width=\"724\" height=\"1024\" data-id=\"285\" src=\"https:\/\/www.auerhahn.at\/wphome\/wp-content\/uploads\/2026\/04\/5-724x1024.jpg\" alt=\"\" class=\"wp-image-285\" srcset=\"https:\/\/www.auerhahn.at\/wphome\/wp-content\/uploads\/2026\/04\/5-724x1024.jpg 724w, https:\/\/www.auerhahn.at\/wphome\/wp-content\/uploads\/2026\/04\/5-212x300.jpg 212w, https:\/\/www.auerhahn.at\/wphome\/wp-content\/uploads\/2026\/04\/5-768x1086.jpg 768w, https:\/\/www.auerhahn.at\/wphome\/wp-content\/uploads\/2026\/04\/5-1086x1536.jpg 1086w, https:\/\/www.auerhahn.at\/wphome\/wp-content\/uploads\/2026\/04\/5-1448x2048.jpg 1448w, https:\/\/www.auerhahn.at\/wphome\/wp-content\/uploads\/2026\/04\/5-570x806.jpg 570w, https:\/\/www.auerhahn.at\/wphome\/wp-content\/uploads\/2026\/04\/5-scaled.jpg 1810w\" sizes=\"auto, (max-width: 724px) 100vw, 724px\" \/><\/figure>\n<\/figure>\n","protected":false},"excerpt":{"rendered":"<p>Unser Restaurant ist t\u00e4glich von 11:00 \u2013 14:00 sowie von 17:00 \u2013 22:00 ge\u00f6ffnet und verw\u00f6hnt Sie mit gutb\u00fcrgerlicher \u00f6sterreichischer K\u00fcche. Unsere aktuelle Speisekarte finden Sie auf unserer Facebook &amp; Instagram Seite<\/p>\n","protected":false},"author":1,"featured_media":0,"parent":0,"menu_order":0,"comment_status":"closed","ping_status":"closed","template":"","meta":{"footnotes":""},"class_list":["post-54","page","type-page","status-publish"],"_links":{"self":[{"href":"https:\/\/www.auerhahn.at\/wphome\/wp-json\/wp\/v2\/pages\/54","targetHints":{"allow":["GET"]}}],"collection":[{"href":"https:\/\/www.auerhahn.at\/wphome\/wp-json\/wp\/v2\/pages"}],"about":[{"href":"https:\/\/www.auerhahn.at\/wphome\/wp-json\/wp\/v2\/types\/page"}],"author":[{"embeddable":true,"href":"https:\/\/www.auerhahn.at\/wphome\/wp-json\/wp\/v2\/users\/1"}],"replies":[{"embeddable":true,"href":"https:\/\/www.auerhahn.at\/wphome\/wp-json\/wp\/v2\/comments?post=54"}],"version-history":[{"count":27,"href":"https:\/\/www.auerhahn.at\/wphome\/wp-json\/wp\/v2\/pages\/54\/revisions"}],"predecessor-version":[{"id":286,"href":"https:\/\/www.auerhahn.at\/wphome\/wp-json\/wp\/v2\/pages\/54\/revisions\/286"}],"wp:attachment":[{"href":"https:\/\/www.auerhahn.at\/wphome\/wp-json\/wp\/v2\/media?parent=54"}],"curies":[{"name":"wp","href":"https:\/\/api.w.org\/{rel}","templated":true}]}}