{"id":52,"date":"2021-02-09T08:47:53","date_gmt":"2021-02-09T07:47:53","guid":{"rendered":"http:\/\/www.auerhahn.at\/wphome\/?page_id=52"},"modified":"2021-02-10T09:36:39","modified_gmt":"2021-02-10T08:36:39","slug":"gaestehaus-villa","status":"publish","type":"page","link":"https:\/\/www.auerhahn.at\/wphome\/gaestehaus-villa\/","title":{"rendered":"G\u00e4stehaus Auerhahn &#038; Villa Auerhahn"},"content":{"rendered":"\n<p>Das G\u00e4stehaus Auerhahn und die Villa Auerhahn befinden sich 3 Fu\u00dfminuten vom Haupthaus entfernt und verf\u00fcgen \u00fcber eine kleine Parkanlage mit Outdoor-Swimmingpool.<\/p>\n\n\n\n<p>Ihr Elektrofahrzeug k\u00f6nnen Sie bequem am Parkplatz \u00fcber zwei Wallboxen (11 kW) mit Strom betanken.<\/p>\n\n\n\n<figure class=\"wp-block-gallery columns-2 is-cropped wp-block-gallery-1 is-layout-flex wp-block-gallery-is-layout-flex\"><ul class=\"blocks-gallery-grid\"><li class=\"blocks-gallery-item\"><figure><img loading=\"lazy\" decoding=\"async\" width=\"1024\" height=\"768\" src=\"https:\/\/www.auerhahn.at\/wphome\/wp-content\/uploads\/2021\/02\/Gaestehaus-Villa-9.jpg\" alt=\"\" data-id=\"101\" data-full-url=\"https:\/\/www.auerhahn.at\/wphome\/wp-content\/uploads\/2021\/02\/Gaestehaus-Villa-9.jpg\" data-link=\"https:\/\/www.auerhahn.at\/wphome\/gaestehaus-villa\/attachment\/gaestehaus-villa-9\/\" class=\"wp-image-101\" srcset=\"https:\/\/www.auerhahn.at\/wphome\/wp-content\/uploads\/2021\/02\/Gaestehaus-Villa-9.jpg 1024w, https:\/\/www.auerhahn.at\/wphome\/wp-content\/uploads\/2021\/02\/Gaestehaus-Villa-9-300x225.jpg 300w, https:\/\/www.auerhahn.at\/wphome\/wp-content\/uploads\/2021\/02\/Gaestehaus-Villa-9-768x576.jpg 768w, https:\/\/www.auerhahn.at\/wphome\/wp-content\/uploads\/2021\/02\/Gaestehaus-Villa-9-570x428.jpg 570w\" sizes=\"auto, (max-width: 1024px) 100vw, 1024px\" \/><\/figure><\/li><li class=\"blocks-gallery-item\"><figure><img loading=\"lazy\" decoding=\"async\" width=\"1024\" height=\"768\" src=\"https:\/\/www.auerhahn.at\/wphome\/wp-content\/uploads\/2021\/02\/Gaestehaus-Villa-5.jpg\" alt=\"\" data-id=\"100\" data-full-url=\"https:\/\/www.auerhahn.at\/wphome\/wp-content\/uploads\/2021\/02\/Gaestehaus-Villa-5.jpg\" data-link=\"https:\/\/www.auerhahn.at\/wphome\/gaestehaus-villa\/attachment\/gaestehaus-villa-5\/\" class=\"wp-image-100\" srcset=\"https:\/\/www.auerhahn.at\/wphome\/wp-content\/uploads\/2021\/02\/Gaestehaus-Villa-5.jpg 1024w, https:\/\/www.auerhahn.at\/wphome\/wp-content\/uploads\/2021\/02\/Gaestehaus-Villa-5-300x225.jpg 300w, https:\/\/www.auerhahn.at\/wphome\/wp-content\/uploads\/2021\/02\/Gaestehaus-Villa-5-768x576.jpg 768w, https:\/\/www.auerhahn.at\/wphome\/wp-content\/uploads\/2021\/02\/Gaestehaus-Villa-5-570x428.jpg 570w\" sizes=\"auto, (max-width: 1024px) 100vw, 1024px\" \/><\/figure><\/li><\/ul><\/figure>\n\n\n\n<figure class=\"wp-block-gallery columns-3 is-cropped wp-block-gallery-2 is-layout-flex wp-block-gallery-is-layout-flex\"><ul class=\"blocks-gallery-grid\"><li class=\"blocks-gallery-item\"><figure><img loading=\"lazy\" decoding=\"async\" width=\"1024\" height=\"768\" src=\"https:\/\/www.auerhahn.at\/wphome\/wp-content\/uploads\/2021\/02\/Gaestehaus-Villa-1.jpg\" alt=\"\" data-id=\"151\" data-full-url=\"https:\/\/www.auerhahn.at\/wphome\/wp-content\/uploads\/2021\/02\/Gaestehaus-Villa-1.jpg\" data-link=\"https:\/\/www.auerhahn.at\/wphome\/gaestehaus-villa\/attachment\/gaestehaus-villa-1\/\" class=\"wp-image-151\" srcset=\"https:\/\/www.auerhahn.at\/wphome\/wp-content\/uploads\/2021\/02\/Gaestehaus-Villa-1.jpg 1024w, https:\/\/www.auerhahn.at\/wphome\/wp-content\/uploads\/2021\/02\/Gaestehaus-Villa-1-300x225.jpg 300w, https:\/\/www.auerhahn.at\/wphome\/wp-content\/uploads\/2021\/02\/Gaestehaus-Villa-1-768x576.jpg 768w, https:\/\/www.auerhahn.at\/wphome\/wp-content\/uploads\/2021\/02\/Gaestehaus-Villa-1-570x428.jpg 570w\" sizes=\"auto, (max-width: 1024px) 100vw, 1024px\" \/><\/figure><\/li><li class=\"blocks-gallery-item\"><figure><img loading=\"lazy\" decoding=\"async\" width=\"1024\" height=\"749\" src=\"https:\/\/www.auerhahn.at\/wphome\/wp-content\/uploads\/2021\/02\/Gaestehaus-Villa-2.jpg\" alt=\"\" data-id=\"152\" data-full-url=\"https:\/\/www.auerhahn.at\/wphome\/wp-content\/uploads\/2021\/02\/Gaestehaus-Villa-2.jpg\" data-link=\"https:\/\/www.auerhahn.at\/wphome\/gaestehaus-villa\/attachment\/gaestehaus-villa-2\/\" class=\"wp-image-152\" srcset=\"https:\/\/www.auerhahn.at\/wphome\/wp-content\/uploads\/2021\/02\/Gaestehaus-Villa-2.jpg 1024w, https:\/\/www.auerhahn.at\/wphome\/wp-content\/uploads\/2021\/02\/Gaestehaus-Villa-2-300x219.jpg 300w, https:\/\/www.auerhahn.at\/wphome\/wp-content\/uploads\/2021\/02\/Gaestehaus-Villa-2-768x562.jpg 768w, https:\/\/www.auerhahn.at\/wphome\/wp-content\/uploads\/2021\/02\/Gaestehaus-Villa-2-570x417.jpg 570w\" sizes=\"auto, (max-width: 1024px) 100vw, 1024px\" \/><\/figure><\/li><li class=\"blocks-gallery-item\"><figure><img loading=\"lazy\" decoding=\"async\" width=\"1024\" height=\"768\" src=\"https:\/\/www.auerhahn.at\/wphome\/wp-content\/uploads\/2021\/02\/Gaestehaus-Villa-3.jpg\" alt=\"\" data-id=\"153\" data-full-url=\"https:\/\/www.auerhahn.at\/wphome\/wp-content\/uploads\/2021\/02\/Gaestehaus-Villa-3.jpg\" data-link=\"https:\/\/www.auerhahn.at\/wphome\/gaestehaus-villa\/attachment\/gaestehaus-villa-3\/\" class=\"wp-image-153\" srcset=\"https:\/\/www.auerhahn.at\/wphome\/wp-content\/uploads\/2021\/02\/Gaestehaus-Villa-3.jpg 1024w, https:\/\/www.auerhahn.at\/wphome\/wp-content\/uploads\/2021\/02\/Gaestehaus-Villa-3-300x225.jpg 300w, https:\/\/www.auerhahn.at\/wphome\/wp-content\/uploads\/2021\/02\/Gaestehaus-Villa-3-768x576.jpg 768w, https:\/\/www.auerhahn.at\/wphome\/wp-content\/uploads\/2021\/02\/Gaestehaus-Villa-3-570x428.jpg 570w\" sizes=\"auto, (max-width: 1024px) 100vw, 1024px\" \/><\/figure><\/li><li class=\"blocks-gallery-item\"><figure><img loading=\"lazy\" decoding=\"async\" width=\"1024\" height=\"768\" src=\"https:\/\/www.auerhahn.at\/wphome\/wp-content\/uploads\/2021\/02\/Gaestehaus-Villa-4.jpg\" alt=\"\" data-id=\"154\" data-full-url=\"https:\/\/www.auerhahn.at\/wphome\/wp-content\/uploads\/2021\/02\/Gaestehaus-Villa-4.jpg\" data-link=\"https:\/\/www.auerhahn.at\/wphome\/gaestehaus-villa\/attachment\/gaestehaus-villa-4\/\" class=\"wp-image-154\" srcset=\"https:\/\/www.auerhahn.at\/wphome\/wp-content\/uploads\/2021\/02\/Gaestehaus-Villa-4.jpg 1024w, https:\/\/www.auerhahn.at\/wphome\/wp-content\/uploads\/2021\/02\/Gaestehaus-Villa-4-300x225.jpg 300w, https:\/\/www.auerhahn.at\/wphome\/wp-content\/uploads\/2021\/02\/Gaestehaus-Villa-4-768x576.jpg 768w, https:\/\/www.auerhahn.at\/wphome\/wp-content\/uploads\/2021\/02\/Gaestehaus-Villa-4-570x428.jpg 570w\" sizes=\"auto, (max-width: 1024px) 100vw, 1024px\" \/><\/figure><\/li><li class=\"blocks-gallery-item\"><figure><img loading=\"lazy\" decoding=\"async\" width=\"1024\" height=\"768\" src=\"https:\/\/www.auerhahn.at\/wphome\/wp-content\/uploads\/2021\/02\/Gaestehaus-Villa-6.jpg\" alt=\"\" data-id=\"155\" data-full-url=\"https:\/\/www.auerhahn.at\/wphome\/wp-content\/uploads\/2021\/02\/Gaestehaus-Villa-6.jpg\" data-link=\"https:\/\/www.auerhahn.at\/wphome\/gaestehaus-villa\/attachment\/gaestehaus-villa-6\/\" class=\"wp-image-155\" srcset=\"https:\/\/www.auerhahn.at\/wphome\/wp-content\/uploads\/2021\/02\/Gaestehaus-Villa-6.jpg 1024w, https:\/\/www.auerhahn.at\/wphome\/wp-content\/uploads\/2021\/02\/Gaestehaus-Villa-6-300x225.jpg 300w, https:\/\/www.auerhahn.at\/wphome\/wp-content\/uploads\/2021\/02\/Gaestehaus-Villa-6-768x576.jpg 768w, https:\/\/www.auerhahn.at\/wphome\/wp-content\/uploads\/2021\/02\/Gaestehaus-Villa-6-570x428.jpg 570w\" sizes=\"auto, (max-width: 1024px) 100vw, 1024px\" \/><\/figure><\/li><li class=\"blocks-gallery-item\"><figure><img loading=\"lazy\" decoding=\"async\" width=\"1024\" height=\"768\" src=\"https:\/\/www.auerhahn.at\/wphome\/wp-content\/uploads\/2021\/02\/Gaestehaus-Villa-7.jpg\" alt=\"\" data-id=\"156\" data-full-url=\"https:\/\/www.auerhahn.at\/wphome\/wp-content\/uploads\/2021\/02\/Gaestehaus-Villa-7.jpg\" data-link=\"https:\/\/www.auerhahn.at\/wphome\/gaestehaus-villa\/attachment\/gaestehaus-villa-7\/\" class=\"wp-image-156\" srcset=\"https:\/\/www.auerhahn.at\/wphome\/wp-content\/uploads\/2021\/02\/Gaestehaus-Villa-7.jpg 1024w, https:\/\/www.auerhahn.at\/wphome\/wp-content\/uploads\/2021\/02\/Gaestehaus-Villa-7-300x225.jpg 300w, https:\/\/www.auerhahn.at\/wphome\/wp-content\/uploads\/2021\/02\/Gaestehaus-Villa-7-768x576.jpg 768w, https:\/\/www.auerhahn.at\/wphome\/wp-content\/uploads\/2021\/02\/Gaestehaus-Villa-7-570x428.jpg 570w\" sizes=\"auto, (max-width: 1024px) 100vw, 1024px\" \/><\/figure><\/li><li class=\"blocks-gallery-item\"><figure><img loading=\"lazy\" decoding=\"async\" width=\"1024\" height=\"768\" src=\"https:\/\/www.auerhahn.at\/wphome\/wp-content\/uploads\/2021\/02\/Gaestehaus-Villa-8.jpg\" alt=\"\" data-id=\"157\" data-full-url=\"https:\/\/www.auerhahn.at\/wphome\/wp-content\/uploads\/2021\/02\/Gaestehaus-Villa-8.jpg\" data-link=\"https:\/\/www.auerhahn.at\/wphome\/gaestehaus-villa\/attachment\/gaestehaus-villa-8\/\" class=\"wp-image-157\" srcset=\"https:\/\/www.auerhahn.at\/wphome\/wp-content\/uploads\/2021\/02\/Gaestehaus-Villa-8.jpg 1024w, https:\/\/www.auerhahn.at\/wphome\/wp-content\/uploads\/2021\/02\/Gaestehaus-Villa-8-300x225.jpg 300w, https:\/\/www.auerhahn.at\/wphome\/wp-content\/uploads\/2021\/02\/Gaestehaus-Villa-8-768x576.jpg 768w, https:\/\/www.auerhahn.at\/wphome\/wp-content\/uploads\/2021\/02\/Gaestehaus-Villa-8-570x428.jpg 570w\" sizes=\"auto, (max-width: 1024px) 100vw, 1024px\" \/><\/figure><\/li><\/ul><\/figure>\n","protected":false},"excerpt":{"rendered":"<p>Das G\u00e4stehaus Auerhahn und die Villa Auerhahn befinden sich 3 Fu\u00dfminuten vom Haupthaus entfernt und verf\u00fcgen \u00fcber eine kleine Parkanlage mit Outdoor-Swimmingpool. Ihr Elektrofahrzeug k\u00f6nnen Sie bequem am Parkplatz \u00fcber zwei Wallboxen (11 kW) mit Strom betanken.<\/p>\n","protected":false},"author":1,"featured_media":0,"parent":0,"menu_order":0,"comment_status":"closed","ping_status":"closed","template":"","meta":{"footnotes":""},"class_list":["post-52","page","type-page","status-publish"],"_links":{"self":[{"href":"https:\/\/www.auerhahn.at\/wphome\/wp-json\/wp\/v2\/pages\/52","targetHints":{"allow":["GET"]}}],"collection":[{"href":"https:\/\/www.auerhahn.at\/wphome\/wp-json\/wp\/v2\/pages"}],"about":[{"href":"https:\/\/www.auerhahn.at\/wphome\/wp-json\/wp\/v2\/types\/page"}],"author":[{"embeddable":true,"href":"https:\/\/www.auerhahn.at\/wphome\/wp-json\/wp\/v2\/users\/1"}],"replies":[{"embeddable":true,"href":"https:\/\/www.auerhahn.at\/wphome\/wp-json\/wp\/v2\/comments?post=52"}],"version-history":[{"count":9,"href":"https:\/\/www.auerhahn.at\/wphome\/wp-json\/wp\/v2\/pages\/52\/revisions"}],"predecessor-version":[{"id":158,"href":"https:\/\/www.auerhahn.at\/wphome\/wp-json\/wp\/v2\/pages\/52\/revisions\/158"}],"wp:attachment":[{"href":"https:\/\/www.auerhahn.at\/wphome\/wp-json\/wp\/v2\/media?parent=52"}],"curies":[{"name":"wp","href":"https:\/\/api.w.org\/{rel}","templated":true}]}}