{"id":128,"date":"2021-02-10T09:23:04","date_gmt":"2021-02-10T08:23:04","guid":{"rendered":"http:\/\/www.auerhahn.at\/?page_id=128"},"modified":"2021-02-10T09:35:40","modified_gmt":"2021-02-10T08:35:40","slug":"stadthotel-auerhahn-altstadt-liebling","status":"publish","type":"page","link":"https:\/\/www.auerhahn.at\/wphome\/stadthotel-auerhahn-altstadt-liebling\/","title":{"rendered":"Stadthotel Auerhahn &#038; Altstadt Liebling"},"content":{"rendered":"\n<p>Das Stadthotel Auerhahn und das Altstadt Liebling befinden sich in der besten Lage mitten am historischen Stadtplatz in V\u00f6cklabruck. Der Parkplatz befindet sich direkt hinter dem Stadthotel Auerhahn in der M\u00fchlbachgasse 2.<\/p>\n\n\n\n<p>Wir bitten Sie den Check-In f\u00fcr alle Unterk\u00fcnfte (Stadthotel, G\u00e4stehaus, Villa Auerhahn, Altstadt Liebling) im Stadthotel Auerhahn (Stadtplatz 26 bzw. Parkplatz in der M\u00fchlbachgasse 2) vorzunehmen.<\/p>\n\n\n\n<p>Die Rezeption ist rund um die Uhr besetzt.<\/p>\n\n\n\n<figure class=\"wp-block-gallery columns-3 is-cropped wp-block-gallery-1 is-layout-flex wp-block-gallery-is-layout-flex\"><ul class=\"blocks-gallery-grid\"><li class=\"blocks-gallery-item\"><figure><img loading=\"lazy\" decoding=\"async\" width=\"1024\" height=\"709\" src=\"https:\/\/www.auerhahn.at\/wphome\/wp-content\/uploads\/2021\/02\/Stadthotel-Liebling-1.jpg\" alt=\"\" data-id=\"133\" data-full-url=\"https:\/\/www.auerhahn.at\/wphome\/wp-content\/uploads\/2021\/02\/Stadthotel-Liebling-1.jpg\" data-link=\"https:\/\/www.auerhahn.at\/wphome\/stadthotel-auerhahn-altstadt-liebling\/attachment\/stadthotel-liebling-1\/\" class=\"wp-image-133\" srcset=\"https:\/\/www.auerhahn.at\/wphome\/wp-content\/uploads\/2021\/02\/Stadthotel-Liebling-1.jpg 1024w, https:\/\/www.auerhahn.at\/wphome\/wp-content\/uploads\/2021\/02\/Stadthotel-Liebling-1-300x208.jpg 300w, https:\/\/www.auerhahn.at\/wphome\/wp-content\/uploads\/2021\/02\/Stadthotel-Liebling-1-768x532.jpg 768w, https:\/\/www.auerhahn.at\/wphome\/wp-content\/uploads\/2021\/02\/Stadthotel-Liebling-1-570x395.jpg 570w\" sizes=\"auto, (max-width: 1024px) 100vw, 1024px\" \/><\/figure><\/li><li class=\"blocks-gallery-item\"><figure><img loading=\"lazy\" decoding=\"async\" width=\"1024\" height=\"683\" src=\"https:\/\/www.auerhahn.at\/wphome\/wp-content\/uploads\/2021\/02\/Stadthotel-Liebling-2.jpg\" alt=\"\" data-id=\"134\" data-full-url=\"https:\/\/www.auerhahn.at\/wphome\/wp-content\/uploads\/2021\/02\/Stadthotel-Liebling-2.jpg\" data-link=\"https:\/\/www.auerhahn.at\/wphome\/stadthotel-auerhahn-altstadt-liebling\/attachment\/stadthotel-liebling-2\/\" class=\"wp-image-134\" srcset=\"https:\/\/www.auerhahn.at\/wphome\/wp-content\/uploads\/2021\/02\/Stadthotel-Liebling-2.jpg 1024w, https:\/\/www.auerhahn.at\/wphome\/wp-content\/uploads\/2021\/02\/Stadthotel-Liebling-2-300x200.jpg 300w, https:\/\/www.auerhahn.at\/wphome\/wp-content\/uploads\/2021\/02\/Stadthotel-Liebling-2-768x512.jpg 768w, https:\/\/www.auerhahn.at\/wphome\/wp-content\/uploads\/2021\/02\/Stadthotel-Liebling-2-570x380.jpg 570w\" sizes=\"auto, (max-width: 1024px) 100vw, 1024px\" \/><\/figure><\/li><li class=\"blocks-gallery-item\"><figure><img loading=\"lazy\" decoding=\"async\" width=\"1024\" height=\"683\" src=\"https:\/\/www.auerhahn.at\/wphome\/wp-content\/uploads\/2021\/02\/Stadthotel-Liebling-3.jpg\" alt=\"\" data-id=\"135\" data-full-url=\"https:\/\/www.auerhahn.at\/wphome\/wp-content\/uploads\/2021\/02\/Stadthotel-Liebling-3.jpg\" data-link=\"https:\/\/www.auerhahn.at\/wphome\/stadthotel-auerhahn-altstadt-liebling\/attachment\/stadthotel-liebling-3\/\" class=\"wp-image-135\" srcset=\"https:\/\/www.auerhahn.at\/wphome\/wp-content\/uploads\/2021\/02\/Stadthotel-Liebling-3.jpg 1024w, https:\/\/www.auerhahn.at\/wphome\/wp-content\/uploads\/2021\/02\/Stadthotel-Liebling-3-300x200.jpg 300w, https:\/\/www.auerhahn.at\/wphome\/wp-content\/uploads\/2021\/02\/Stadthotel-Liebling-3-768x512.jpg 768w, https:\/\/www.auerhahn.at\/wphome\/wp-content\/uploads\/2021\/02\/Stadthotel-Liebling-3-570x380.jpg 570w\" sizes=\"auto, (max-width: 1024px) 100vw, 1024px\" \/><\/figure><\/li><li class=\"blocks-gallery-item\"><figure><img loading=\"lazy\" decoding=\"async\" width=\"1024\" height=\"683\" src=\"https:\/\/www.auerhahn.at\/wphome\/wp-content\/uploads\/2021\/02\/Stadthotel-Liebling-4.jpg\" alt=\"\" data-id=\"136\" data-full-url=\"https:\/\/www.auerhahn.at\/wphome\/wp-content\/uploads\/2021\/02\/Stadthotel-Liebling-4.jpg\" data-link=\"https:\/\/www.auerhahn.at\/wphome\/stadthotel-auerhahn-altstadt-liebling\/attachment\/stadthotel-liebling-4\/\" class=\"wp-image-136\" srcset=\"https:\/\/www.auerhahn.at\/wphome\/wp-content\/uploads\/2021\/02\/Stadthotel-Liebling-4.jpg 1024w, https:\/\/www.auerhahn.at\/wphome\/wp-content\/uploads\/2021\/02\/Stadthotel-Liebling-4-300x200.jpg 300w, https:\/\/www.auerhahn.at\/wphome\/wp-content\/uploads\/2021\/02\/Stadthotel-Liebling-4-768x512.jpg 768w, https:\/\/www.auerhahn.at\/wphome\/wp-content\/uploads\/2021\/02\/Stadthotel-Liebling-4-570x380.jpg 570w\" sizes=\"auto, (max-width: 1024px) 100vw, 1024px\" \/><\/figure><\/li><li class=\"blocks-gallery-item\"><figure><img loading=\"lazy\" decoding=\"async\" width=\"1024\" height=\"683\" src=\"https:\/\/www.auerhahn.at\/wphome\/wp-content\/uploads\/2021\/02\/Stadthotel-Liebling-5.jpg\" alt=\"\" data-id=\"137\" data-full-url=\"https:\/\/www.auerhahn.at\/wphome\/wp-content\/uploads\/2021\/02\/Stadthotel-Liebling-5.jpg\" data-link=\"https:\/\/www.auerhahn.at\/wphome\/stadthotel-auerhahn-altstadt-liebling\/attachment\/stadthotel-liebling-5\/\" class=\"wp-image-137\" srcset=\"https:\/\/www.auerhahn.at\/wphome\/wp-content\/uploads\/2021\/02\/Stadthotel-Liebling-5.jpg 1024w, https:\/\/www.auerhahn.at\/wphome\/wp-content\/uploads\/2021\/02\/Stadthotel-Liebling-5-300x200.jpg 300w, https:\/\/www.auerhahn.at\/wphome\/wp-content\/uploads\/2021\/02\/Stadthotel-Liebling-5-768x512.jpg 768w, https:\/\/www.auerhahn.at\/wphome\/wp-content\/uploads\/2021\/02\/Stadthotel-Liebling-5-570x380.jpg 570w\" sizes=\"auto, (max-width: 1024px) 100vw, 1024px\" \/><\/figure><\/li><li class=\"blocks-gallery-item\"><figure><img loading=\"lazy\" decoding=\"async\" width=\"1024\" height=\"683\" src=\"https:\/\/www.auerhahn.at\/wphome\/wp-content\/uploads\/2021\/02\/Stadthotel-Liebling-6.jpg\" alt=\"\" data-id=\"138\" data-full-url=\"https:\/\/www.auerhahn.at\/wphome\/wp-content\/uploads\/2021\/02\/Stadthotel-Liebling-6.jpg\" data-link=\"https:\/\/www.auerhahn.at\/wphome\/stadthotel-auerhahn-altstadt-liebling\/attachment\/stadthotel-liebling-6\/\" class=\"wp-image-138\" srcset=\"https:\/\/www.auerhahn.at\/wphome\/wp-content\/uploads\/2021\/02\/Stadthotel-Liebling-6.jpg 1024w, https:\/\/www.auerhahn.at\/wphome\/wp-content\/uploads\/2021\/02\/Stadthotel-Liebling-6-300x200.jpg 300w, https:\/\/www.auerhahn.at\/wphome\/wp-content\/uploads\/2021\/02\/Stadthotel-Liebling-6-768x512.jpg 768w, https:\/\/www.auerhahn.at\/wphome\/wp-content\/uploads\/2021\/02\/Stadthotel-Liebling-6-570x380.jpg 570w\" sizes=\"auto, (max-width: 1024px) 100vw, 1024px\" \/><\/figure><\/li><li class=\"blocks-gallery-item\"><figure><img loading=\"lazy\" decoding=\"async\" width=\"1024\" height=\"683\" src=\"https:\/\/www.auerhahn.at\/wphome\/wp-content\/uploads\/2021\/02\/Stadthotel-Liebling-7.jpg\" alt=\"\" data-id=\"139\" data-full-url=\"https:\/\/www.auerhahn.at\/wphome\/wp-content\/uploads\/2021\/02\/Stadthotel-Liebling-7.jpg\" data-link=\"https:\/\/www.auerhahn.at\/wphome\/stadthotel-auerhahn-altstadt-liebling\/attachment\/stadthotel-liebling-7\/\" class=\"wp-image-139\" srcset=\"https:\/\/www.auerhahn.at\/wphome\/wp-content\/uploads\/2021\/02\/Stadthotel-Liebling-7.jpg 1024w, https:\/\/www.auerhahn.at\/wphome\/wp-content\/uploads\/2021\/02\/Stadthotel-Liebling-7-300x200.jpg 300w, https:\/\/www.auerhahn.at\/wphome\/wp-content\/uploads\/2021\/02\/Stadthotel-Liebling-7-768x512.jpg 768w, https:\/\/www.auerhahn.at\/wphome\/wp-content\/uploads\/2021\/02\/Stadthotel-Liebling-7-570x380.jpg 570w\" sizes=\"auto, (max-width: 1024px) 100vw, 1024px\" \/><\/figure><\/li><li class=\"blocks-gallery-item\"><figure><img loading=\"lazy\" decoding=\"async\" width=\"1024\" height=\"684\" src=\"https:\/\/www.auerhahn.at\/wphome\/wp-content\/uploads\/2021\/02\/Stadthotel-Liebling-8.jpg\" alt=\"\" data-id=\"140\" data-full-url=\"https:\/\/www.auerhahn.at\/wphome\/wp-content\/uploads\/2021\/02\/Stadthotel-Liebling-8.jpg\" data-link=\"https:\/\/www.auerhahn.at\/wphome\/stadthotel-auerhahn-altstadt-liebling\/attachment\/stadthotel-liebling-8\/\" class=\"wp-image-140\" srcset=\"https:\/\/www.auerhahn.at\/wphome\/wp-content\/uploads\/2021\/02\/Stadthotel-Liebling-8.jpg 1024w, https:\/\/www.auerhahn.at\/wphome\/wp-content\/uploads\/2021\/02\/Stadthotel-Liebling-8-300x200.jpg 300w, https:\/\/www.auerhahn.at\/wphome\/wp-content\/uploads\/2021\/02\/Stadthotel-Liebling-8-768x513.jpg 768w, https:\/\/www.auerhahn.at\/wphome\/wp-content\/uploads\/2021\/02\/Stadthotel-Liebling-8-570x381.jpg 570w\" sizes=\"auto, (max-width: 1024px) 100vw, 1024px\" \/><\/figure><\/li><li class=\"blocks-gallery-item\"><figure><img loading=\"lazy\" decoding=\"async\" width=\"546\" height=\"768\" src=\"https:\/\/www.auerhahn.at\/wphome\/wp-content\/uploads\/2021\/02\/Stadthotel-Liebling-9.jpg\" alt=\"\" data-id=\"141\" data-full-url=\"https:\/\/www.auerhahn.at\/wphome\/wp-content\/uploads\/2021\/02\/Stadthotel-Liebling-9.jpg\" data-link=\"https:\/\/www.auerhahn.at\/wphome\/stadthotel-auerhahn-altstadt-liebling\/attachment\/stadthotel-liebling-9\/\" class=\"wp-image-141\" srcset=\"https:\/\/www.auerhahn.at\/wphome\/wp-content\/uploads\/2021\/02\/Stadthotel-Liebling-9.jpg 546w, https:\/\/www.auerhahn.at\/wphome\/wp-content\/uploads\/2021\/02\/Stadthotel-Liebling-9-213x300.jpg 213w\" sizes=\"auto, (max-width: 546px) 100vw, 546px\" \/><\/figure><\/li><li class=\"blocks-gallery-item\"><figure><img loading=\"lazy\" decoding=\"async\" width=\"1024\" height=\"683\" src=\"https:\/\/www.auerhahn.at\/wphome\/wp-content\/uploads\/2021\/02\/Stadthotel-Liebling-10.jpg\" alt=\"\" data-id=\"142\" data-full-url=\"https:\/\/www.auerhahn.at\/wphome\/wp-content\/uploads\/2021\/02\/Stadthotel-Liebling-10.jpg\" data-link=\"https:\/\/www.auerhahn.at\/wphome\/stadthotel-auerhahn-altstadt-liebling\/attachment\/stadthotel-liebling-10\/\" class=\"wp-image-142\" srcset=\"https:\/\/www.auerhahn.at\/wphome\/wp-content\/uploads\/2021\/02\/Stadthotel-Liebling-10.jpg 1024w, https:\/\/www.auerhahn.at\/wphome\/wp-content\/uploads\/2021\/02\/Stadthotel-Liebling-10-300x200.jpg 300w, https:\/\/www.auerhahn.at\/wphome\/wp-content\/uploads\/2021\/02\/Stadthotel-Liebling-10-768x512.jpg 768w, https:\/\/www.auerhahn.at\/wphome\/wp-content\/uploads\/2021\/02\/Stadthotel-Liebling-10-570x380.jpg 570w\" sizes=\"auto, (max-width: 1024px) 100vw, 1024px\" \/><\/figure><\/li><li class=\"blocks-gallery-item\"><figure><img loading=\"lazy\" decoding=\"async\" width=\"517\" height=\"768\" src=\"https:\/\/www.auerhahn.at\/wphome\/wp-content\/uploads\/2021\/02\/Stadthotel-Liebling-11.jpg\" alt=\"\" data-id=\"143\" data-full-url=\"https:\/\/www.auerhahn.at\/wphome\/wp-content\/uploads\/2021\/02\/Stadthotel-Liebling-11.jpg\" data-link=\"https:\/\/www.auerhahn.at\/wphome\/stadthotel-auerhahn-altstadt-liebling\/attachment\/stadthotel-liebling-11\/\" class=\"wp-image-143\" srcset=\"https:\/\/www.auerhahn.at\/wphome\/wp-content\/uploads\/2021\/02\/Stadthotel-Liebling-11.jpg 517w, https:\/\/www.auerhahn.at\/wphome\/wp-content\/uploads\/2021\/02\/Stadthotel-Liebling-11-202x300.jpg 202w\" sizes=\"auto, (max-width: 517px) 100vw, 517px\" \/><\/figure><\/li><li class=\"blocks-gallery-item\"><figure><img loading=\"lazy\" decoding=\"async\" width=\"1024\" height=\"683\" src=\"https:\/\/www.auerhahn.at\/wphome\/wp-content\/uploads\/2021\/02\/Stadthotel-Liebling-12.jpg\" alt=\"\" data-id=\"144\" data-full-url=\"https:\/\/www.auerhahn.at\/wphome\/wp-content\/uploads\/2021\/02\/Stadthotel-Liebling-12.jpg\" data-link=\"https:\/\/www.auerhahn.at\/wphome\/stadthotel-auerhahn-altstadt-liebling\/attachment\/stadthotel-liebling-12\/\" class=\"wp-image-144\" srcset=\"https:\/\/www.auerhahn.at\/wphome\/wp-content\/uploads\/2021\/02\/Stadthotel-Liebling-12.jpg 1024w, https:\/\/www.auerhahn.at\/wphome\/wp-content\/uploads\/2021\/02\/Stadthotel-Liebling-12-300x200.jpg 300w, https:\/\/www.auerhahn.at\/wphome\/wp-content\/uploads\/2021\/02\/Stadthotel-Liebling-12-768x512.jpg 768w, https:\/\/www.auerhahn.at\/wphome\/wp-content\/uploads\/2021\/02\/Stadthotel-Liebling-12-570x380.jpg 570w\" sizes=\"auto, (max-width: 1024px) 100vw, 1024px\" \/><\/figure><\/li><li class=\"blocks-gallery-item\"><figure><img loading=\"lazy\" decoding=\"async\" width=\"1024\" height=\"697\" src=\"https:\/\/www.auerhahn.at\/wphome\/wp-content\/uploads\/2021\/02\/Stadthotel-Liebling-13.jpg\" alt=\"\" data-id=\"145\" data-full-url=\"https:\/\/www.auerhahn.at\/wphome\/wp-content\/uploads\/2021\/02\/Stadthotel-Liebling-13.jpg\" data-link=\"https:\/\/www.auerhahn.at\/wphome\/stadthotel-auerhahn-altstadt-liebling\/attachment\/stadthotel-liebling-13\/\" class=\"wp-image-145\" srcset=\"https:\/\/www.auerhahn.at\/wphome\/wp-content\/uploads\/2021\/02\/Stadthotel-Liebling-13.jpg 1024w, https:\/\/www.auerhahn.at\/wphome\/wp-content\/uploads\/2021\/02\/Stadthotel-Liebling-13-300x204.jpg 300w, https:\/\/www.auerhahn.at\/wphome\/wp-content\/uploads\/2021\/02\/Stadthotel-Liebling-13-768x523.jpg 768w, https:\/\/www.auerhahn.at\/wphome\/wp-content\/uploads\/2021\/02\/Stadthotel-Liebling-13-570x388.jpg 570w\" sizes=\"auto, (max-width: 1024px) 100vw, 1024px\" \/><\/figure><\/li><li class=\"blocks-gallery-item\"><figure><img loading=\"lazy\" decoding=\"async\" width=\"1024\" height=\"738\" src=\"https:\/\/www.auerhahn.at\/wphome\/wp-content\/uploads\/2021\/02\/Stadthotel-Liebling-14.jpg\" alt=\"\" data-id=\"146\" data-full-url=\"https:\/\/www.auerhahn.at\/wphome\/wp-content\/uploads\/2021\/02\/Stadthotel-Liebling-14.jpg\" data-link=\"https:\/\/www.auerhahn.at\/wphome\/stadthotel-auerhahn-altstadt-liebling\/attachment\/stadthotel-liebling-14\/\" class=\"wp-image-146\" srcset=\"https:\/\/www.auerhahn.at\/wphome\/wp-content\/uploads\/2021\/02\/Stadthotel-Liebling-14.jpg 1024w, https:\/\/www.auerhahn.at\/wphome\/wp-content\/uploads\/2021\/02\/Stadthotel-Liebling-14-300x216.jpg 300w, https:\/\/www.auerhahn.at\/wphome\/wp-content\/uploads\/2021\/02\/Stadthotel-Liebling-14-768x554.jpg 768w, https:\/\/www.auerhahn.at\/wphome\/wp-content\/uploads\/2021\/02\/Stadthotel-Liebling-14-570x411.jpg 570w\" sizes=\"auto, (max-width: 1024px) 100vw, 1024px\" \/><\/figure><\/li><li class=\"blocks-gallery-item\"><figure><img loading=\"lazy\" decoding=\"async\" width=\"1024\" height=\"722\" src=\"https:\/\/www.auerhahn.at\/wphome\/wp-content\/uploads\/2021\/02\/Stadthotel-Liebling-15.jpg\" alt=\"\" data-id=\"147\" data-full-url=\"https:\/\/www.auerhahn.at\/wphome\/wp-content\/uploads\/2021\/02\/Stadthotel-Liebling-15.jpg\" data-link=\"https:\/\/www.auerhahn.at\/wphome\/stadthotel-auerhahn-altstadt-liebling\/attachment\/stadthotel-liebling-15\/\" class=\"wp-image-147\" srcset=\"https:\/\/www.auerhahn.at\/wphome\/wp-content\/uploads\/2021\/02\/Stadthotel-Liebling-15.jpg 1024w, https:\/\/www.auerhahn.at\/wphome\/wp-content\/uploads\/2021\/02\/Stadthotel-Liebling-15-300x212.jpg 300w, https:\/\/www.auerhahn.at\/wphome\/wp-content\/uploads\/2021\/02\/Stadthotel-Liebling-15-768x542.jpg 768w, https:\/\/www.auerhahn.at\/wphome\/wp-content\/uploads\/2021\/02\/Stadthotel-Liebling-15-570x402.jpg 570w\" sizes=\"auto, (max-width: 1024px) 100vw, 1024px\" \/><\/figure><\/li><\/ul><\/figure>\n\n\n\n<div class=\"wp-block-image\"><figure class=\"aligncenter size-large is-resized\"><img loading=\"lazy\" decoding=\"async\" src=\"https:\/\/www.auerhahn.at\/wphome\/wp-content\/uploads\/2021\/02\/Stadthotel-Liebling-16.jpg\" alt=\"\" class=\"wp-image-149\" width=\"304\" height=\"425\" srcset=\"https:\/\/www.auerhahn.at\/wphome\/wp-content\/uploads\/2021\/02\/Stadthotel-Liebling-16.jpg 549w, https:\/\/www.auerhahn.at\/wphome\/wp-content\/uploads\/2021\/02\/Stadthotel-Liebling-16-214x300.jpg 214w\" sizes=\"auto, (max-width: 304px) 100vw, 304px\" \/><\/figure><\/div>\n","protected":false},"excerpt":{"rendered":"<p>Das Stadthotel Auerhahn und das Altstadt Liebling befinden sich in der besten Lage mitten am historischen Stadtplatz in V\u00f6cklabruck. Der Parkplatz befindet sich direkt hinter dem Stadthotel Auerhahn in der M\u00fchlbachgasse 2. Wir bitten Sie den Check-In f\u00fcr alle Unterk\u00fcnfte (Stadthotel, G\u00e4stehaus, Villa Auerhahn, Altstadt Liebling) im Stadthotel Auerhahn (Stadtplatz 26 bzw. Parkplatz in der [&hellip;]<\/p>\n","protected":false},"author":1,"featured_media":0,"parent":0,"menu_order":0,"comment_status":"closed","ping_status":"closed","template":"custom-page.php","meta":{"footnotes":""},"class_list":["post-128","page","type-page","status-publish"],"_links":{"self":[{"href":"https:\/\/www.auerhahn.at\/wphome\/wp-json\/wp\/v2\/pages\/128","targetHints":{"allow":["GET"]}}],"collection":[{"href":"https:\/\/www.auerhahn.at\/wphome\/wp-json\/wp\/v2\/pages"}],"about":[{"href":"https:\/\/www.auerhahn.at\/wphome\/wp-json\/wp\/v2\/types\/page"}],"author":[{"embeddable":true,"href":"https:\/\/www.auerhahn.at\/wphome\/wp-json\/wp\/v2\/users\/1"}],"replies":[{"embeddable":true,"href":"https:\/\/www.auerhahn.at\/wphome\/wp-json\/wp\/v2\/comments?post=128"}],"version-history":[{"count":2,"href":"https:\/\/www.auerhahn.at\/wphome\/wp-json\/wp\/v2\/pages\/128\/revisions"}],"predecessor-version":[{"id":150,"href":"https:\/\/www.auerhahn.at\/wphome\/wp-json\/wp\/v2\/pages\/128\/revisions\/150"}],"wp:attachment":[{"href":"https:\/\/www.auerhahn.at\/wphome\/wp-json\/wp\/v2\/media?parent=128"}],"curies":[{"name":"wp","href":"https:\/\/api.w.org\/{rel}","templated":true}]}}