{"id":11,"date":"2021-02-08T16:18:57","date_gmt":"2021-02-08T16:18:57","guid":{"rendered":"http:\/\/www.auerhahn.at\/wphome\/?page_id=11"},"modified":"2026-01-31T20:14:49","modified_gmt":"2026-01-31T19:14:49","slug":"home","status":"publish","type":"page","link":"https:\/\/www.auerhahn.at\/wphome\/","title":{"rendered":"Home"},"content":{"rendered":"\n<p>Familie Klaffenb\u00f6ck begr\u00fc\u00dft Sie im Hotel zum Auerhahn mitten am historischen Stadtplatz in V\u00f6cklabruck. Wir sind ein Familienbetrieb in der f\u00fcnften Generation und legen Wert auf Gastfreundlichkeit und Kulinarik.<\/p>\n\n\n\n<h3 class=\"wp-block-heading has-text-color\" style=\"color:#d7b56d\">V\u00f6cklabruck<\/h3>\n\n\n\n<p>V\u00f6cklabruck ist der ideale Ausgangspunkt f\u00fcr Ausfl\u00fcge in das Salzkammergut sowie nach Salzburg und Linz. Die Urlaubsregion Attersee-Attergau befindet sich nur 15 Autominuten entfernt und laden zu einem unvergesslichen Sommerurlaub ein.<\/p>\n\n\n\n<p>Historische St\u00e4dte wie Bad Ischl, Salzburg und Hallstatt sowie Urlaubsorte wie St. Gilgen, St. Wolfgang, Attersee am Attersee, Nu\u00dfdorf &amp; Weyregg am Attersee sind in kurzer Zeit erreichbar. Zahlreiche Sommersportarten, Golf, Wander- &amp; Bergtouren runden das Angebot in dieser Region ab.<\/p>\n\n\n\n<h3 class=\"wp-block-heading has-text-color\" style=\"color:#d7b56d\">Zimmerausstattung<\/h3>\n\n\n\n<p>Das Hotel zum Auerhahn verf\u00fcgt \u00fcber Einzel-, Zweibett-, Doppel-, Dreibett- &amp; Vierbettzimmer in der 3- &amp; 4-Sternkategorie. Au\u00dferdem bieten wir Familienappartements an.<\/p>\n\n\n\n<p>Jedes Zimmer ist mit Minibar, Dusche, WC, Haartrockner, Telefon, Flat-TV &amp; W-LAN ausgestattet.<\/p>\n\n\n\n<p>Das G\u00e4stehaus Auerhahn sowie die Villa Auerhahn verf\u00fcgen \u00fcber eine kleine Parkanlage mit Outdoor-Swimmingpool.<\/p>\n\n\n\n<h3 class=\"wp-block-heading has-text-color\" style=\"color:#d7b56d\">Zimmerpreise<\/h3>\n\n\n\n<p>Einzelzimmer&nbsp;&nbsp;&nbsp;&nbsp;&nbsp;&nbsp;&nbsp;&nbsp;&nbsp;&nbsp;&nbsp;&nbsp;&nbsp;&nbsp;&nbsp;&nbsp;&nbsp;&nbsp;&nbsp; ab \u20ac 45,90<\/p>\n\n\n\n<p>Doppelzimmer&nbsp;&nbsp;&nbsp;&nbsp;&nbsp;&nbsp;&nbsp;&nbsp;&nbsp;&nbsp;&nbsp;&nbsp;&nbsp;&nbsp;&nbsp;&nbsp; ab \u20ac 75,00<\/p>\n\n\n\n<p>Zweibettzimmer&nbsp;&nbsp;&nbsp;&nbsp;&nbsp;&nbsp;&nbsp;&nbsp;&nbsp;&nbsp;&nbsp;&nbsp;&nbsp; ab \u20ac 75,00<\/p>\n\n\n\n<p>Dreibettzimmer&nbsp;&nbsp;&nbsp;&nbsp;&nbsp;&nbsp;&nbsp;&nbsp;&nbsp;&nbsp;&nbsp;&nbsp;&nbsp;&nbsp; ab \u20ac 90,00&nbsp;&nbsp;&nbsp;&nbsp;&nbsp;&nbsp;&nbsp;&nbsp;&nbsp;&nbsp;<\/p>\n\n\n\n<p>Fr\u00fchst\u00fcck&nbsp;&nbsp;&nbsp;&nbsp;&nbsp;&nbsp;&nbsp;&nbsp;&nbsp;&nbsp;&nbsp;&nbsp;&nbsp;&nbsp;&nbsp;&nbsp;&nbsp;&nbsp;&nbsp;&nbsp;&nbsp;&nbsp;&nbsp;&nbsp;&nbsp;&nbsp; \u20ac 15,00 pro Person<\/p>\n\n\n\n<p>Die Zimmerpreise verstehen sich pro Nacht, ohne Fr\u00fchst\u00fcck und inklusive Mehrwertsteuer und Ortstaxe.<\/p>\n\n\n\n<h3 class=\"wp-block-heading has-text-color\" style=\"color:#d7b56d\">Elektro-Ladestation<\/h3>\n\n\n\n<p>Der Parkplatz an der Villa Auerhahn bietet \u00fcber zwei Wallboxen (11 kW) M\u00f6glichkeiten ihr E-Fahrzeug mit Strom zu betanken.<\/p>\n\n\n\n<h3 class=\"wp-block-heading has-text-color\" style=\"color:#d7b56d\">Parkplatz<\/h3>\n\n\n\n<p>Direkt an den Unterk\u00fcnften befinden sich kostenlose Parkpl\u00e4tze. Auf Wunsch k\u00f6nnen Tiefgaragenpl\u00e4tze f\u00fcr \u20ac 9,00 pro Tag \/ Stellplatz gemietet werden. <\/p>\n\n\n\n<h3 class=\"wp-block-heading has-text-color\" style=\"color:#d7b56d\">Check-In<\/h3>\n\n\n\n<p>Wir bitten Sie den Check-In f\u00fcr alle Unterk\u00fcnfte (Stadthotel, G\u00e4stehaus, Villa Auerhahn, Altstadt Liebling) im Haupthaus am Stadtplatz (Stadtplatz 26 bzw. Parkplatz in der M\u00fchlbachgasse 2) vorzunehmen.<\/p>\n\n\n\n<p>Die Rezeption ist rund um die Uhr besetzt.<\/p>\n\n\n\n<h3 class=\"wp-block-heading has-text-color\" style=\"color:#d7b56d\">Fr\u00fchst\u00fcck<\/h3>\n\n\n\n<p>Das Fr\u00fchst\u00fccksbuffet befindet sich im Restaurant im Haupthaus \u2013 Stadthotel Auerhahn &#8211; und ist von 05:00 bis 10:00 f\u00fcr Sie ge\u00f6ffnet.<\/p>\n","protected":false},"excerpt":{"rendered":"<p>Familie Klaffenb\u00f6ck begr\u00fc\u00dft Sie im Hotel zum Auerhahn mitten am historischen Stadtplatz in V\u00f6cklabruck. Wir sind ein Familienbetrieb in der f\u00fcnften Generation und legen Wert auf Gastfreundlichkeit und Kulinarik. V\u00f6cklabruck V\u00f6cklabruck ist der ideale Ausgangspunkt f\u00fcr Ausfl\u00fcge in das Salzkammergut sowie nach Salzburg und Linz. Die Urlaubsregion Attersee-Attergau befindet sich nur 15 Autominuten entfernt und [&hellip;]<\/p>\n","protected":false},"author":1,"featured_media":0,"parent":0,"menu_order":0,"comment_status":"closed","ping_status":"closed","template":"","meta":{"footnotes":""},"class_list":["post-11","page","type-page","status-publish"],"_links":{"self":[{"href":"https:\/\/www.auerhahn.at\/wphome\/wp-json\/wp\/v2\/pages\/11","targetHints":{"allow":["GET"]}}],"collection":[{"href":"https:\/\/www.auerhahn.at\/wphome\/wp-json\/wp\/v2\/pages"}],"about":[{"href":"https:\/\/www.auerhahn.at\/wphome\/wp-json\/wp\/v2\/types\/page"}],"author":[{"embeddable":true,"href":"https:\/\/www.auerhahn.at\/wphome\/wp-json\/wp\/v2\/users\/1"}],"replies":[{"embeddable":true,"href":"https:\/\/www.auerhahn.at\/wphome\/wp-json\/wp\/v2\/comments?post=11"}],"version-history":[{"count":9,"href":"https:\/\/www.auerhahn.at\/wphome\/wp-json\/wp\/v2\/pages\/11\/revisions"}],"predecessor-version":[{"id":271,"href":"https:\/\/www.auerhahn.at\/wphome\/wp-json\/wp\/v2\/pages\/11\/revisions\/271"}],"wp:attachment":[{"href":"https:\/\/www.auerhahn.at\/wphome\/wp-json\/wp\/v2\/media?parent=11"}],"curies":[{"name":"wp","href":"https:\/\/api.w.org\/{rel}","templated":true}]}}